{"id":59,"date":"2025-12-23T20:55:14","date_gmt":"2025-12-23T13:55:14","guid":{"rendered":"http:\/\/flatsome.dev\/?page_id=3257"},"modified":"2026-01-01T21:44:39","modified_gmt":"2026-01-01T14:44:39","slug":"mega-shop","status":"publish","type":"page","link":"https:\/\/12fun79.bet\/","title":{"rendered":"12fun79 vip: Trang ch\u1ee7 Fun79 | Th\u01b0\u1edfng h\u1ed9i vi\u00ean m\u1edbi 07 ng\u00e0y 18.888K"},"content":{"rendered":"<div class=\"slider-wrapper relative\" id=\"slider-1154806144\" >\n    <div class=\"slider slider-nav-circle slider-nav-large slider-nav-light slider-style-normal\"\n        data-flickity-options='{\n            \"cellAlign\": \"center\",\n            \"imagesLoaded\": true,\n            \"lazyLoad\": 1,\n            \"freeScroll\": false,\n            \"wrapAround\": true,\n            \"autoPlay\": 5000,\n            \"pauseAutoPlayOnHover\" : false,\n            \"prevNextButtons\": true,\n            \"contain\" : true,\n            \"adaptiveHeight\" : true,\n            \"dragThreshold\" : 10,\n            \"percentPosition\": true,\n            \"pageDots\": false,\n            \"rightToLeft\": false,\n            \"draggable\": true,\n            \"selectedAttraction\": 0.1,\n            \"parallax\" : 0,\n            \"friction\": 0.6        }'\n        >\n        \n\t<div class=\"img has-hover x md-x lg-x y md-y lg-y\" id=\"image_107911435\">\n\t\t\t\t\t\t\t\t<div class=\"img-inner dark\" >\n\t\t\t<img loading=\"lazy\" decoding=\"async\" width=\"705\" height=\"265\" src=\"https:\/\/12fun79.bet\/wp-content\/uploads\/2025\/12\/banner-12fun79-vip.webp\" class=\"attachment-original size-original\" alt=\"Nh\u00e0 c\u00e1i 12fun79 vip | Th\u01b0\u1edfng h\u1ed9i vi\u00ean m\u1edbi 07 ng\u00e0y 18.888K\" srcset=\"https:\/\/12fun79.bet\/wp-content\/uploads\/2025\/12\/banner-12fun79-vip.webp 705w, https:\/\/12fun79.bet\/wp-content\/uploads\/2025\/12\/banner-12fun79-vip-300x113.webp 300w\" sizes=\"auto, (max-width: 705px) 100vw, 705px\" \/>\t\t\t\t\t\t\n\t\t\t\t\t<\/div>\n\t\t\t\t\t\t\t\t\n<style>\n#image_107911435 {\n  width: 100%;\n}\n<\/style>\n\t<\/div>\n\t\n     <\/div>\n\n     <div class=\"loading-spin dark large centered\"><\/div>\n\n\t<\/div>\n\n\n\n\t<section class=\"section section1 dark hide-for-small\" id=\"section_990219549\">\n\t\t<div class=\"section-bg fill\" >\n\t\t\t\t\t\t\t\t\t<button class=\"scroll-for-more z-5 icon absolute bottom h-center\" aria-label=\"Cu\u1ed9n \u0111\u1ec3 bi\u1ebft th\u00eam\"><i class=\"icon-angle-down\" style=\"font-size:42px;\" ><\/i><\/button>\n\t\t\t\n\n\t\t<\/div>\n\n\t\t\n\n\t\t<div class=\"section-content relative\">\n\t\t\t\n<div class=\"row row-collapse row-full-width align-center row1\"  id=\"row-1560112178\">\n\n\t<div id=\"col-1803659140\" class=\"col small-12 large-12\"  >\n\t\t\t\t<div class=\"col-inner text-center\"  >\n\t\t\t\n\t\t\t\n<div class=\"col-inner text-center\">\n<div id=\"row-321306411\" class=\"row row-collapse\">\n<div class=\"col medium-2 small-4 large-2\">\n<div class=\"col-inner\">\n<div class=\"bullhornMain\"><i class=\"fa fa-bullhorn\" aria-hidden=\"true\"><\/i> Th\u00f4ng b\u00e1o<\/div>\n<\/div>\n<\/div>\n<div class=\"col medium-10 small-8 large-10\">\n<div class=\"col-inner\">\n<p><span class=\"msTxt\">12fun79 VIP n\u1ed5i b\u1eadt v\u1edbi h\u1ec7 th\u1ed1ng \u01b0u \u0111\u00e3i phong ph\u00fa v\u00e0 gi\u00e1 tr\u1ecb cao, mang \u0111\u1ebfn nhi\u1ec1u c\u01a1 h\u1ed9i nh\u1eadn th\u01b0\u1edfng h\u1ea5p d\u1eabn. Nh\u1eefng ph\u1ea7n qu\u00e0 c\u00f3 gi\u00e1 tr\u1ecb l\u1edbn \u0111\u01b0\u1ee3c thi\u1ebft k\u1ebf s\u1eb5n s\u00e0ng \u0111\u1ec3 ng\u01b0\u1eddi tham gia tr\u1ea3i nghi\u1ec7m v\u00e0 kh\u00e1m ph\u00e1!<\/span><\/p>\n<\/div>\n<\/div>\n\t\t<\/div>\n\t\t\t\t\n<style>\n#col-1803659140 > .col-inner {\n  padding: 57px 0px 2px 0px;\n  margin: -43px 29px -21px -8px;\n}\n<\/style>\n\t<\/div>\n\n\t\n\n<style>\n#row-1560112178 > .col > .col-inner {\n  padding: 51px 8px 5px 0px;\n}\n<\/style>\n<\/div>\n\t\t<\/div>\n\n\t\t\n<style>\n#section_990219549 {\n  padding-top: 0px;\n  padding-bottom: 0px;\n  margin-bottom: 0px;\n  min-height: 0px;\n}\n<\/style>\n\t<\/section>\n\t\n\n\t<section class=\"section hide-for-small\" id=\"section_1704547325\">\n\t\t<div class=\"section-bg fill\" >\n\t\t\t\t\t\t\t\t\t\n\t\t\t\n\n\t\t<\/div>\n\n\t\t\n\n\t\t<div class=\"section-content relative\">\n\t\t\t\n<div class=\"container section-title-container\" ><h2 class=\"section-title section-title-center\"><b><\/b><span class=\"section-title-main\" style=\"color:rgb(255, 0, 0);\">Trang ch\u1ee7 \u0111\u0103ng nh\u1eadp nh\u00e0 c\u00e1i fun79<\/span><b><\/b><\/h2><\/div>\n<div class=\"row\"  id=\"row-171543041\">\n\n\t<div id=\"col-1997035443\" class=\"col medium-4 small-12 large-4\"  >\n\t\t\t\t<div class=\"col-inner\"  >\n\t\t\t\n\t\t\t\n\t<div class=\"box has-hover   has-hover box-shadow-2 box-text-bottom\" >\n\n\t\t<div class=\"box-image\" style=\"width:98%;\">\n\t\t\t\t\t\t<div class=\"image-zoom\" >\n\t\t\t\t<img loading=\"lazy\" decoding=\"async\" width=\"657\" height=\"436\" src=\"https:\/\/12fun79.bet\/wp-content\/uploads\/2019\/08\/20170120212844-casino.jpg\" class=\"attachment- size-\" alt=\"\" srcset=\"https:\/\/12fun79.bet\/wp-content\/uploads\/2019\/08\/20170120212844-casino.jpg 657w, https:\/\/12fun79.bet\/wp-content\/uploads\/2019\/08\/20170120212844-casino-300x199.jpg 300w\" sizes=\"auto, (max-width: 657px) 100vw, 657px\" \/>\t\t\t\t\t\t\t\t\t\t\t<\/div>\n\t\t\t\t\t<\/div>\n\n\t\t<div class=\"box-text text-center\" >\n\t\t\t<div class=\"box-text-inner\">\n\t\t\t\t\n<h3><span style=\"color: #ed1c24;\">\u0110\u0102NG NH\u1eacP V\u00c0 T\u1ea2I APP<\/span><\/h3>\n<p><span style=\"color: #282828;\">Sau nhi\u1ec1u n\u0103m ho\u1ea1t \u0111\u1ed9ng, 12fun79.win \u0111\u01b0\u1ee3c x\u00e2y d\u1ef1ng v\u1edbi c\u01a1 ch\u1ebf tr\u1ea3 th\u01b0\u1edfng \u1edf m\u1ee9c cao, t\u1ef7 l\u1ec7 1 \u0103n 99 c\u00f9ng ch\u00ednh s\u00e1ch ho\u00e0n tr\u1ea3 ph\u00e2n theo c\u1ea5p b\u1eadc h\u1ed9i vi\u00ean thu\u1ed9c nh\u00f3m n\u1ed5i b\u1eadt tr\u00ean th\u1ecb tr\u01b0\u1eddng. H\u1ec7 th\u1ed1ng k\u00e8o b\u00f3ng \u0111a d\u1ea1ng k\u1ebft h\u1ee3p m\u1ee9c h\u1ed3i c\u01b0\u1ee3c \u0111\u00e1ng k\u1ec3 gi\u00fap n\u1ec1n t\u1ea3ng duy tr\u00ec t\u00ednh c\u1ea1nh tranh v\u00e0 quy m\u00f4 \u1ed5n \u0111\u1ecbnh.<\/span><\/p>\n\t\t\t<\/div>\n\t\t<\/div>\n\t<\/div>\n\t\n\t\t<\/div>\n\t\t\t\t\t<\/div>\n\n\t\n\n\t<div id=\"col-1012726232\" class=\"col medium-4 small-12 large-4\"  >\n\t\t\t\t<div class=\"col-inner\"  >\n\t\t\t\n\t\t\t\n\t<div class=\"box has-hover   has-hover box-shadow-2 box-text-bottom\" >\n\n\t\t<div class=\"box-image\" >\n\t\t\t\t\t\t<div class=\"image-zoom\" >\n\t\t\t\t<img loading=\"lazy\" decoding=\"async\" width=\"1268\" height=\"828\" src=\"https:\/\/12fun79.bet\/wp-content\/uploads\/2019\/08\/casino_gambling.jpg\" class=\"attachment- size-\" alt=\"\" srcset=\"https:\/\/12fun79.bet\/wp-content\/uploads\/2019\/08\/casino_gambling.jpg 1268w, https:\/\/12fun79.bet\/wp-content\/uploads\/2019\/08\/casino_gambling-300x196.jpg 300w, https:\/\/12fun79.bet\/wp-content\/uploads\/2019\/08\/casino_gambling-1024x669.jpg 1024w, https:\/\/12fun79.bet\/wp-content\/uploads\/2019\/08\/casino_gambling-768x502.jpg 768w\" sizes=\"auto, (max-width: 1268px) 100vw, 1268px\" \/>\t\t\t\t\t\t\t\t\t\t\t<\/div>\n\t\t\t\t\t<\/div>\n\n\t\t<div class=\"box-text text-center\" >\n\t\t\t<div class=\"box-text-inner\">\n\t\t\t\t\n<h3><span style=\"color: #ed1c24;\">\u0110\u0102NG K\u00dd D\u1ec4 D\u00c0NG &amp; B\u1ea2O M\u1eacT<\/span><\/h3>\n<p><span style=\"color: #282828;\">Quy tr\u00ecnh \u0111\u0103ng k\u00fd t\u00e0i kho\u1ea3n t\u1ea1i 12fun79.org \u0111\u01b0\u1ee3c t\u1ed1i \u01b0u h\u00f3a \u0111\u1ec3 ng\u01b0\u1eddi d\u00f9ng d\u1ec5 d\u00e0ng thao t\u00e1c tr\u00ean c\u1ea3 smartphone l\u1eabn m\u00e1y t\u00ednh. C\u00e1c b\u01b0\u1edbc th\u1ef1c hi\u1ec7n \u0111\u01a1n gi\u1ea3n, th\u1eddi gian ho\u00e0n t\u1ea5t nhanh ch\u00f3ng ch\u1ec9 trong v\u00e0i ph\u00fat, \u0111\u1ed3ng th\u1eddi h\u1ec7 th\u1ed1ng ch\u00fa tr\u1ecdng \u00e1p d\u1ee5ng c\u00f4ng ngh\u1ec7 b\u1ea3o m\u1eadt nh\u1eb1m b\u1ea3o v\u1ec7 an to\u00e0n th\u00f4ng tin c\u00e1 nh\u00e2n c\u1ee7a h\u1ed9i vi\u00ean.<\/span><\/p>\n\t\t\t<\/div>\n\t\t<\/div>\n\t<\/div>\n\t\n\t\t<\/div>\n\t\t\t\t\t<\/div>\n\n\t\n\n\t<div id=\"col-819456239\" class=\"col medium-4 small-12 large-4\"  >\n\t\t\t\t<div class=\"col-inner\"  >\n\t\t\t\n\t\t\t\n\t<div class=\"box has-hover   has-hover box-shadow-2 box-text-bottom\" >\n\n\t\t<div class=\"box-image\" style=\"width:98%;\">\n\t\t\t\t\t\t<div class=\"image-zoom\" >\n\t\t\t\t<img loading=\"lazy\" decoding=\"async\" width=\"2000\" height=\"1334\" src=\"https:\/\/12fun79.bet\/wp-content\/uploads\/2019\/08\/170101-casino.jpeg\" class=\"attachment- size-\" alt=\"\" srcset=\"https:\/\/12fun79.bet\/wp-content\/uploads\/2019\/08\/170101-casino.jpeg 2000w, https:\/\/12fun79.bet\/wp-content\/uploads\/2019\/08\/170101-casino-300x200.jpeg 300w, https:\/\/12fun79.bet\/wp-content\/uploads\/2019\/08\/170101-casino-1024x683.jpeg 1024w, https:\/\/12fun79.bet\/wp-content\/uploads\/2019\/08\/170101-casino-768x512.jpeg 768w, https:\/\/12fun79.bet\/wp-content\/uploads\/2019\/08\/170101-casino-1536x1025.jpeg 1536w\" sizes=\"auto, (max-width: 2000px) 100vw, 2000px\" \/>\t\t\t\t\t\t\t\t\t\t\t<\/div>\n\t\t\t\t\t<\/div>\n\n\t\t<div class=\"box-text text-center\" >\n\t\t\t<div class=\"box-text-inner\">\n\t\t\t\t\n<h3><span style=\"color: #ed1c24;\">DISCLAIMER (TUY\u00caN B\u1ed0 MI\u1ec4N TR\u1eea)<\/span><\/h3>\n<p><span style=\"color: #282828;\">12fun79.bet l\u00e0 k\u00eanh th\u00f4ng tin thu\u1ed9c h\u1ec7 th\u1ed1ng 12fun79.casino, ch\u1ec9 d\u00f9ng \u0111\u1ec3 tham kh\u1ea3o cho ng\u01b0\u1eddi t\u1eeb 18 tu\u1ed5i tr\u1edf l\u00ean t\u1ea1i khu v\u1ef1c h\u1ee3p l\u1ec7. N\u1ec1n t\u1ea3ng kh\u00f4ng h\u1ed7 tr\u1ee3 c\u00e1 c\u01b0\u1ee3c \u1edf n\u01a1i b\u1ecb c\u1ea5m, kh\u00f4ng khuy\u1ebfn kh\u00edch \u0111\u1eb7t c\u01b0\u1ee3c v\u00e0 kh\u00f4ng ch\u1ecbu tr\u00e1ch nhi\u1ec7m v\u1ec1 quy\u1ebft \u0111\u1ecbnh t\u00e0i ch\u00ednh c\u1ee7a ng\u01b0\u1eddi d\u00f9ng.<\/span><\/p>\n\t\t\t<\/div>\n\t\t<\/div>\n\t<\/div>\n\t\n\t\t<\/div>\n\t\t\t\t\t<\/div>\n\n\t\n<\/div>\n<div class=\"row\"  id=\"row-942990113\">\n\n\t<div id=\"col-1001787905\" class=\"col medium-6 small-12 large-6\"  >\n\t\t\t\t<div class=\"col-inner\"  >\n\t\t\t\n\t\t\t\n<a href=\"https:\/\/gau99qc.org\/278go99\" class=\"button primary is-bevel is-large box-shadow-2 box-shadow-3-hover lowercase expand btn-signup\"  >\n\t\t<span>\u0110\u0103ng k\u00fd ngay<\/span>\n\t<\/a>\n\n\t\t<\/div>\n\t\t\t\t\t<\/div>\n\n\t\n\n\t<div id=\"col-1719877957\" class=\"col medium-6 small-12 large-6\"  >\n\t\t\t\t<div class=\"col-inner\"  >\n\t\t\t\n\t\t\t\n<a href=\"https:\/\/gau99qc.org\/278go99\" class=\"button success is-bevel is-large box-shadow-2 box-shadow-3-hover lowercase expand btn-help\"  >\n\t\t<span>\u0110\u0103ng nh\u1eadp<\/span>\n\t<\/a>\n\n\t\t<\/div>\n\t\t\t\t\t<\/div>\n\n\t\n\n<style>\n#row-942990113 > .col > .col-inner {\n  padding: 8px 0px 0px 0px;\n}\n<\/style>\n<\/div>\n\t\t<\/div>\n\n\t\t\n<style>\n#section_1704547325 {\n  padding-top: 30px;\n  padding-bottom: 30px;\n}\n<\/style>\n\t<\/section>\n\t\n\n\t<section class=\"section show-for-small\" id=\"section_94196020\">\n\t\t<div class=\"section-bg fill\" >\n\t\t\t\t\t\t\t\t\t\n\t\t\t\n\n\t\t<\/div>\n\n\t\t\n\n\t\t<div class=\"section-content relative\">\n\t\t\t\n<div class=\"row row-small\"  id=\"row-2142547813\">\n\n\t<div id=\"col-74081825\" class=\"col medium-6 small-6 large-6\"  >\n\t\t\t\t<div class=\"col-inner\"  >\n\t\t\t\n\t\t\t\n\n  <div class=\"banner has-hover\" id=\"banner-717633735\">\n          <div class=\"banner-inner fill\">\n        <div class=\"banner-bg fill\" >\n            <img loading=\"lazy\" decoding=\"async\" width=\"285\" height=\"354\" src=\"https:\/\/12fun79.bet\/wp-content\/uploads\/2019\/08\/sport-vat.png\" class=\"bg attachment-large size-large\" alt=\"\" \/>                                    \n                    <\/div>\n\t\t\n        <div class=\"banner-layers container\">\n            <div class=\"fill banner-link\"><\/div>            \n   <div id=\"text-box-1048023859\" class=\"text-box banner-layer x50 md-x50 lg-x50 y100 md-y50 lg-y50 res-text\">\n                                <div class=\"text-box-content text dark\">\n              \n              <div class=\"text-inner text-center\">\n                  \n<h4 class=\"uppercase\"><span style=\"font-size: 100%;\">Th\u1ec2 THAO<\/span><\/h4>\n              <\/div>\n           <\/div>\n                            \n<style>\n#text-box-1048023859 {\n  width: 60%;\n}\n#text-box-1048023859 .text-box-content {\n  font-size: 100%;\n}\n<\/style>\n    <\/div>\n \n        <\/div>\n      <\/div>\n\n            \n<style>\n#banner-717633735 {\n  padding-top: 216px;\n  background-color: rgba(255, 255, 255, 0.45);\n}\n#banner-717633735 .banner-bg img {\n  object-position: 53% 55%;\n}\n@media (min-width:550px) {\n  #banner-717633735 {\n    padding-top: 500px;\n  }\n}\n<\/style>\n  <\/div>\n\n\n\t\t<\/div>\n\t\t\t\t\t<\/div>\n\n\t\n\n\t<div id=\"col-48290706\" class=\"col medium-6 small-6 large-6\"  >\n\t\t\t\t<div class=\"col-inner\"  >\n\t\t\t\n\t\t\t\n\n  <div class=\"banner has-hover\" id=\"banner-1756260490\">\n          <div class=\"banner-inner fill\">\n        <div class=\"banner-bg fill\" >\n            <img loading=\"lazy\" decoding=\"async\" width=\"852\" height=\"480\" src=\"https:\/\/12fun79.bet\/wp-content\/uploads\/2019\/08\/11.jpg\" class=\"bg attachment-large size-large\" alt=\"\" \/>                                    \n                    <\/div>\n\t\t\n        <div class=\"banner-layers container\">\n            <div class=\"fill banner-link\"><\/div>            \n   <div id=\"text-box-931673870\" class=\"text-box banner-layer x100 md-x50 lg-x50 y50 md-y50 lg-y50 res-text\">\n                                <div class=\"text-box-content text dark\">\n              \n              <div class=\"text-inner text-center\">\n                  \n<h4 class=\"uppercase\">CASINO<\/h4>\n              <\/div>\n           <\/div>\n                            \n<style>\n#text-box-931673870 {\n  width: 60%;\n}\n#text-box-931673870 .text-box-content {\n  font-size: 100%;\n}\n<\/style>\n    <\/div>\n \n\t<div class=\"img has-hover x0 md-x50 lg-x50 y50 md-y50 lg-y50\" id=\"image_92302895\">\n\t\t\t\t\t\t\t\t<div class=\"img-inner dark\" >\n\t\t\t<img loading=\"lazy\" decoding=\"async\" width=\"100\" height=\"109\" src=\"https:\/\/12fun79.bet\/wp-content\/uploads\/2019\/08\/img_girl_mc.png\" class=\"attachment-large size-large\" alt=\"\" \/>\t\t\t\t\t\t\n\t\t\t\t\t<\/div>\n\t\t\t\t\t\t\t\t\n<style>\n#image_92302895 {\n  width: 33%;\n}\n@media (min-width:550px) {\n  #image_92302895 {\n    width: 100%;\n  }\n}\n<\/style>\n\t<\/div>\n\t\n        <\/div>\n      <\/div>\n\n            \n<style>\n#banner-1756260490 {\n  padding-top: 65px;\n}\n@media (min-width:550px) {\n  #banner-1756260490 {\n    padding-top: 500px;\n  }\n}\n<\/style>\n  <\/div>\n\n\n\t<div id=\"gap-136473337\" class=\"gap-element clearfix\" style=\"display:block; height:auto;\">\n\t\t\n<style>\n#gap-136473337 {\n  padding-top: 10px;\n}\n<\/style>\n\t<\/div>\n\t\n\n  <div class=\"banner has-hover\" id=\"banner-1143927164\">\n          <div class=\"banner-inner fill\">\n        <div class=\"banner-bg fill\" >\n                                                \n                    <\/div>\n\t\t\n        <div class=\"banner-layers container\">\n            <div class=\"fill banner-link\"><\/div>            \n   <div id=\"text-box-835051747\" class=\"text-box banner-layer x100 md-x50 lg-x50 y50 md-y50 lg-y50 res-text\">\n                                <div class=\"text-box-content text dark\">\n              \n              <div class=\"text-inner text-center\">\n                  \n<h4 class=\"uppercase\">X\u00d3C \u0110\u0128A<\/h4>\n              <\/div>\n           <\/div>\n                            \n<style>\n#text-box-835051747 {\n  width: 60%;\n}\n#text-box-835051747 .text-box-content {\n  font-size: 100%;\n}\n<\/style>\n    <\/div>\n \n\t<div class=\"img has-hover x0 md-x50 lg-x50 y50 md-y50 lg-y50\" id=\"image_1114665435\">\n\t\t\t\t\t\t\t\t<div class=\"img-inner dark\" >\n\t\t\t<img loading=\"lazy\" decoding=\"async\" width=\"100\" height=\"109\" src=\"https:\/\/12fun79.bet\/wp-content\/uploads\/2019\/08\/icon_home_anchor.png\" class=\"attachment-large size-large\" alt=\"\" \/>\t\t\t\t\t\t\n\t\t\t\t\t<\/div>\n\t\t\t\t\t\t\t\t\n<style>\n#image_1114665435 {\n  width: 37%;\n}\n@media (min-width:550px) {\n  #image_1114665435 {\n    width: 100%;\n  }\n}\n<\/style>\n\t<\/div>\n\t\n        <\/div>\n      <\/div>\n\n            \n<style>\n#banner-1143927164 {\n  padding-top: 65px;\n}\n@media (min-width:550px) {\n  #banner-1143927164 {\n    padding-top: 500px;\n  }\n}\n<\/style>\n  <\/div>\n\n\n\t<div id=\"gap-530927350\" class=\"gap-element clearfix\" style=\"display:block; height:auto;\">\n\t\t\n<style>\n#gap-530927350 {\n  padding-top: 10px;\n}\n<\/style>\n\t<\/div>\n\t\n\n  <div class=\"banner has-hover\" id=\"banner-1922202405\">\n          <div class=\"banner-inner fill\">\n        <div class=\"banner-bg fill\" >\n            <img loading=\"lazy\" decoding=\"async\" width=\"1020\" height=\"574\" src=\"https:\/\/12fun79.bet\/wp-content\/uploads\/2019\/08\/13081-01-gradient-designs-powerpoint-backgrounds-16x9-1-1024x576.jpg\" class=\"bg attachment-large size-large\" alt=\"\" \/>                                    \n                    <\/div>\n\t\t\n        <div class=\"banner-layers container\">\n            <div class=\"fill banner-link\"><\/div>            \n   <div id=\"text-box-147790749\" class=\"text-box banner-layer x100 md-x50 lg-x50 y50 md-y50 lg-y50 res-text\">\n                                <div class=\"text-box-content text dark\">\n              \n              <div class=\"text-inner text-center\">\n                  \n<h4 class=\"uppercase\">GAME<\/h4>\n              <\/div>\n           <\/div>\n                            \n<style>\n#text-box-147790749 {\n  width: 60%;\n}\n#text-box-147790749 .text-box-content {\n  font-size: 100%;\n}\n<\/style>\n    <\/div>\n \n\t<div class=\"img has-hover x0 md-x50 lg-x50 y95 md-y50 lg-y50\" id=\"image_1708224445\">\n\t\t\t\t\t\t\t\t<div class=\"img-inner dark\" >\n\t\t\t<img loading=\"lazy\" decoding=\"async\" width=\"100\" height=\"109\" src=\"https:\/\/12fun79.bet\/wp-content\/uploads\/2019\/08\/icon_home_people.png\" class=\"attachment-large size-large\" alt=\"\" \/>\t\t\t\t\t\t\n\t\t\t\t\t<\/div>\n\t\t\t\t\t\t\t\t\n<style>\n#image_1708224445 {\n  width: 36%;\n}\n@media (min-width:550px) {\n  #image_1708224445 {\n    width: 100%;\n  }\n}\n<\/style>\n\t<\/div>\n\t\n        <\/div>\n      <\/div>\n\n            \n<style>\n#banner-1922202405 {\n  padding-top: 65px;\n}\n@media (min-width:550px) {\n  #banner-1922202405 {\n    padding-top: 500px;\n  }\n}\n<\/style>\n  <\/div>\n\n\n\t\t<\/div>\n\t\t\t\t\t<\/div>\n\n\t\n<\/div>\n<div class=\"row row-small\"  id=\"row-1164213760\">\n\n\t<div id=\"col-1432810724\" class=\"col medium-6 small-6 large-6\"  >\n\t\t\t\t<div class=\"col-inner\"  >\n\t\t\t\n\t\t\t\n\n  <div class=\"banner has-hover bg-glow\" id=\"banner-1452467243\">\n          <div class=\"banner-inner fill\">\n        <div class=\"banner-bg fill\" >\n            <img loading=\"lazy\" decoding=\"async\" width=\"852\" height=\"480\" src=\"https:\/\/12fun79.bet\/wp-content\/uploads\/2019\/08\/new11.jpg\" class=\"bg attachment-large size-large\" alt=\"\" \/>                                    \n                    <\/div>\n\t\t\n        <div class=\"banner-layers container\">\n            <div class=\"fill banner-link\"><\/div>            \n   <div id=\"text-box-1008470183\" class=\"text-box banner-layer x95 md-x50 lg-x50 y95 md-y50 lg-y50 res-text\">\n                                <div class=\"text-box-content text dark\">\n              \n              <div class=\"text-inner text-center\">\n                  \n<h4 class=\"uppercase\">H\u01b0\u1edbng D\u1eaaN<\/h4>\n              <\/div>\n           <\/div>\n                            \n<style>\n#text-box-1008470183 {\n  width: 60%;\n}\n#text-box-1008470183 .text-box-content {\n  font-size: 100%;\n}\n<\/style>\n    <\/div>\n \n\t<div class=\"img has-hover x0 md-x50 lg-x50 y95 md-y50 lg-y50\" id=\"image_344249117\">\n\t\t\t\t\t\t\t\t<div class=\"img-inner dark\" >\n\t\t\t<img loading=\"lazy\" decoding=\"async\" width=\"199\" height=\"200\" src=\"https:\/\/12fun79.bet\/wp-content\/uploads\/2019\/08\/ic-down-app.png\" class=\"attachment-large size-large\" alt=\"\" srcset=\"https:\/\/12fun79.bet\/wp-content\/uploads\/2019\/08\/ic-down-app.png 199w, https:\/\/12fun79.bet\/wp-content\/uploads\/2019\/08\/ic-down-app-150x150.png 150w\" sizes=\"auto, (max-width: 199px) 100vw, 199px\" \/>\t\t\t\t\t\t\n\t\t\t\t\t<\/div>\n\t\t\t\t\t\t\t\t\n<style>\n#image_344249117 {\n  width: 35%;\n}\n@media (min-width:550px) {\n  #image_344249117 {\n    width: 100%;\n  }\n}\n<\/style>\n\t<\/div>\n\t\n        <\/div>\n      <\/div>\n\n            \n<style>\n#banner-1452467243 {\n  padding-top: 65px;\n}\n@media (min-width:550px) {\n  #banner-1452467243 {\n    padding-top: 500px;\n  }\n}\n<\/style>\n  <\/div>\n\n\n\t\t<\/div>\n\t\t\t\t\t<\/div>\n\n\t\n\n\t<div id=\"col-1516124988\" class=\"col medium-6 small-6 large-6\"  >\n\t\t\t\t<div class=\"col-inner\"  >\n\t\t\t\n\t\t\t\n\n  <div class=\"banner has-hover\" id=\"banner-522024384\">\n          <div class=\"banner-inner fill\">\n        <div class=\"banner-bg fill\" >\n            <img loading=\"lazy\" decoding=\"async\" width=\"852\" height=\"480\" src=\"https:\/\/12fun79.bet\/wp-content\/uploads\/2019\/08\/1-1.jpg\" class=\"bg attachment-large size-large\" alt=\"\" \/>                                    \n                    <\/div>\n\t\t\n        <div class=\"banner-layers container\">\n            <div class=\"fill banner-link\"><\/div>            \n   <div id=\"text-box-2130202157\" class=\"text-box banner-layer x100 md-x50 lg-x50 y50 md-y50 lg-y50 res-text\">\n                                <div class=\"text-box-content text dark\">\n              \n              <div class=\"text-inner text-center\">\n                  \n<h4 class=\"uppercase\">X\u1ed4 S\u1ed0<\/h4>\n              <\/div>\n           <\/div>\n                            \n<style>\n#text-box-2130202157 {\n  width: 60%;\n}\n#text-box-2130202157 .text-box-content {\n  font-size: 100%;\n}\n<\/style>\n    <\/div>\n \n\t<div class=\"img has-hover x0 md-x50 lg-x50 y50 md-y50 lg-y50\" id=\"image_910957280\">\n\t\t\t\t\t\t\t\t<div class=\"img-inner dark\" >\n\t\t\t<img loading=\"lazy\" decoding=\"async\" width=\"100\" height=\"109\" src=\"https:\/\/12fun79.bet\/wp-content\/uploads\/2019\/08\/ic_mobi_ball.png\" class=\"attachment-large size-large\" alt=\"\" \/>\t\t\t\t\t\t\n\t\t\t\t\t<\/div>\n\t\t\t\t\t\t\t\t\n<style>\n#image_910957280 {\n  width: 38%;\n}\n@media (min-width:550px) {\n  #image_910957280 {\n    width: 100%;\n  }\n}\n<\/style>\n\t<\/div>\n\t\n        <\/div>\n      <\/div>\n\n            \n<style>\n#banner-522024384 {\n  padding-top: 65px;\n}\n@media (min-width:550px) {\n  #banner-522024384 {\n    padding-top: 500px;\n  }\n}\n<\/style>\n  <\/div>\n\n\n\t\t<\/div>\n\t\t\t\t\t<\/div>\n\n\t\n<\/div>\n\t\t<\/div>\n\n\t\t\n<style>\n#section_94196020 {\n  padding-top: 30px;\n  padding-bottom: 30px;\n}\n<\/style>\n\t<\/section>\n\t\n<\/div>\n<\/div>\n","protected":false},"excerpt":{"rendered":"","protected":false},"author":1,"featured_media":0,"parent":0,"menu_order":9,"comment_status":"closed","ping_status":"closed","template":"page-blank.php","meta":{"footnotes":""},"class_list":["post-59","page","type-page","status-publish","hentry"],"_links":{"self":[{"href":"https:\/\/12fun79.bet\/index.php?rest_route=\/wp\/v2\/pages\/59","targetHints":{"allow":["GET"]}}],"collection":[{"href":"https:\/\/12fun79.bet\/index.php?rest_route=\/wp\/v2\/pages"}],"about":[{"href":"https:\/\/12fun79.bet\/index.php?rest_route=\/wp\/v2\/types\/page"}],"author":[{"embeddable":true,"href":"https:\/\/12fun79.bet\/index.php?rest_route=\/wp\/v2\/users\/1"}],"replies":[{"embeddable":true,"href":"https:\/\/12fun79.bet\/index.php?rest_route=%2Fwp%2Fv2%2Fcomments&post=59"}],"version-history":[{"count":6,"href":"https:\/\/12fun79.bet\/index.php?rest_route=\/wp\/v2\/pages\/59\/revisions"}],"predecessor-version":[{"id":1884,"href":"https:\/\/12fun79.bet\/index.php?rest_route=\/wp\/v2\/pages\/59\/revisions\/1884"}],"wp:attachment":[{"href":"https:\/\/12fun79.bet\/index.php?rest_route=%2Fwp%2Fv2%2Fmedia&parent=59"}],"curies":[{"name":"wp","href":"https:\/\/api.w.org\/{rel}","templated":true}]}}